{"id":184,"date":"2026-03-25T08:33:15","date_gmt":"2026-03-25T08:33:15","guid":{"rendered":"https:\/\/radaymuzeum.rgy.hu\/?page_id=184"},"modified":"2026-03-25T08:35:04","modified_gmt":"2026-03-25T08:35:04","slug":"rolunk","status":"publish","type":"page","link":"https:\/\/radaymuzeum.rgy.hu\/index.php\/rolunk\/","title":{"rendered":"r\u00f3lunk"},"content":{"rendered":"\n<div class=\"gb-element-af707826 alignfull\">\n<img loading=\"lazy\" decoding=\"async\" width=\"2560\" height=\"569\" class=\"gb-media-634bd8eb\" alt=\"\" src=\"https:\/\/radaymuzeum.rgy.hu\/wp-content\/uploads\/2025\/06\/Egyha\u0301zto\u0308rte\u0301neti-gyu\u030bjteme\u0301ny-2-scaled.jpg\" title=\"Egyha\u0301zto\u0308rte\u0301neti gyu\u030bjteme\u0301ny 2.\" srcset=\"https:\/\/radaymuzeum.rgy.hu\/wp-content\/uploads\/2025\/06\/Egyha\u0301zto\u0308rte\u0301neti-gyu\u030bjteme\u0301ny-2-scaled.jpg 2560w, https:\/\/radaymuzeum.rgy.hu\/wp-content\/uploads\/2025\/06\/Egyha\u0301zto\u0308rte\u0301neti-gyu\u030bjteme\u0301ny-2-300x67.jpg 300w, https:\/\/radaymuzeum.rgy.hu\/wp-content\/uploads\/2025\/06\/Egyha\u0301zto\u0308rte\u0301neti-gyu\u030bjteme\u0301ny-2-1024x228.jpg 1024w, https:\/\/radaymuzeum.rgy.hu\/wp-content\/uploads\/2025\/06\/Egyha\u0301zto\u0308rte\u0301neti-gyu\u030bjteme\u0301ny-2-768x171.jpg 768w, https:\/\/radaymuzeum.rgy.hu\/wp-content\/uploads\/2025\/06\/Egyha\u0301zto\u0308rte\u0301neti-gyu\u030bjteme\u0301ny-2-1536x341.jpg 1536w, https:\/\/radaymuzeum.rgy.hu\/wp-content\/uploads\/2025\/06\/Egyha\u0301zto\u0308rte\u0301neti-gyu\u030bjteme\u0301ny-2-2048x455.jpg 2048w\" sizes=\"auto, (max-width: 2560px) 100vw, 2560px\" \/>\n<\/div>\n\n\n\n<div class=\"gb-element-e555c6a6\">\n<h2 class=\"gb-text gb-text-ad646a59\">R\u00f3lunk<\/h2>\n\n\n\n<p class=\"gb-text\">A&nbsp;<a href=\"http:\/\/www.dmrek.hu\/\" target=\"_blank\" rel=\"noreferrer noopener\">Dunamell\u00e9ki Reform\u00e1tus Egyh\u00e1zker\u00fclet<\/a>&nbsp;egyh\u00e1zm\u0171v\u00e9szeti gy\u0171jtem\u00e9ny\u00e9t 1967-ben alap\u00edtott\u00e1k. M\u00fazeumk\u00e9nt 1983 \u00f3ta m\u0171k\u00f6dik Kecskem\u00e9ten. M\u00fazeumunk anyaint\u00e9zm\u00e9nye a Budapesten tal\u00e1lhat\u00f3&nbsp;<a href=\"http:\/\/www.rgy.hu\/\" target=\"_blank\" rel=\"noreferrer noopener\">R\u00e1day Gy\u0171jtem\u00e9ny<\/a> Ki\u00e1ll\u00edt\u00f3helyk\u00e9nt int\u00e9zm\u00e9ny\u00fcnkh\u00f6z tartozik a pesti R\u00e1day utc\u00e1ban m\u0171k\u00f6d\u0151 Biblia M\u00fazeum is.<br><br><a href=\"https:\/\/radaymuzeum.hu\/sites\/default\/files\/kepek\/pelikan_szott.jpg\"><\/a>Egyh\u00e1zker\u00fclet\u00fcnk a legnagyobb magyarorsz\u00e1gi reform\u00e1tus egyh\u00e1zigazgat\u00e1si egys\u00e9g. M\u00fazeumunk gy\u0171jt\u0151ter\u00fclete az egyh\u00e1zker\u00fclet eg\u00e9sz\u00e9re kiterjed. Gy\u0171jt\u0151k\u00f6r\u00fcnkbe a kebelbeli gy\u00fclekezetek \u00e9let\u00e9t, t\u00f6rt\u00e9net\u00e9t reprezent\u00e1l\u00f3 &#8211; els\u0151sorban t\u00e1rgyi &#8211; anyag (t\u00f6rt\u00e9neti forr\u00e1sok, k\u00e9pz\u0151-, ipar- \u00e9s n\u00e9pm\u0171v\u00e9szet) tartozik. A m\u00fazeum anyaga napjainkban j\u00f3r\u00e9szt adom\u00e1nyok r\u00e9v\u00e9n gyarapodik.<br><br><a href=\"https:\/\/radaymuzeum.hu\/sites\/default\/files\/kepek\/pelikan_festett.jpg\"><\/a>C\u00e9lunk, hogy l\u00e1togat\u00f3inkat megismertess\u00fck a k\u00e1lvinista gy\u00fclekezetek \u00e9let\u00e9vel. Bemutatjuk templomaink tipikus berendez\u00e9si t\u00e1rgyait, a reform\u00e1tus istentisztelet liturgikus hagyom\u00e1nyait, az ehhez kapcsol\u00f3d\u00f3 t\u00e1rgyegy\u00fctteseket. Ezek, b\u00e1r speci\u00e1lis ig\u00e9nnyel k\u00e9sz\u00fcltek, hordoz\u00f3i koruk jellemz\u0151 st\u00edlusir\u00e1nyzatainak.<br>Ki\u00e1ll\u00edt\u00e1sunkat aj\u00e1nljuk a kult\u00fart\u00f6rt\u00e9net, az egyh\u00e1zt\u00f6rt\u00e9net, a m\u0171v\u00e9szett\u00f6rt\u00e9net ir\u00e1nt \u00e9rdekl\u0151d\u0151knek, a sz\u00e9p t\u00e1rgyak csod\u00e1l\u00f3inak.<\/p>\n<\/div>\n","protected":false},"excerpt":{"rendered":"<p>R\u00f3lunk A&nbsp;Dunamell\u00e9ki Reform\u00e1tus Egyh\u00e1zker\u00fclet&nbsp;egyh\u00e1zm\u0171v\u00e9szeti gy\u0171jtem\u00e9ny\u00e9t 1967-ben alap\u00edtott\u00e1k. M\u00fazeumk\u00e9nt 1983 \u00f3ta m\u0171k\u00f6dik Kecskem\u00e9ten. M\u00fazeumunk anyaint\u00e9zm\u00e9nye a Budapesten tal\u00e1lhat\u00f3&nbsp;R\u00e1day Gy\u0171jtem\u00e9ny Ki\u00e1ll\u00edt\u00f3helyk\u00e9nt int\u00e9zm\u00e9ny\u00fcnkh\u00f6z tartozik a pesti R\u00e1day utc\u00e1ban m\u0171k\u00f6d\u0151 Biblia M\u00fazeum is. Egyh\u00e1zker\u00fclet\u00fcnk a legnagyobb magyarorsz\u00e1gi reform\u00e1tus egyh\u00e1zigazgat\u00e1si egys\u00e9g. M\u00fazeumunk gy\u0171jt\u0151ter\u00fclete az egyh\u00e1zker\u00fclet eg\u00e9sz\u00e9re kiterjed. Gy\u0171jt\u0151k\u00f6r\u00fcnkbe a kebelbeli gy\u00fclekezetek \u00e9let\u00e9t, t\u00f6rt\u00e9net\u00e9t reprezent\u00e1l\u00f3 &#8211; els\u0151sorban t\u00e1rgyi &#8211; anyag (t\u00f6rt\u00e9neti &#8230; <a title=\"r\u00f3lunk\" class=\"read-more\" href=\"https:\/\/radaymuzeum.rgy.hu\/index.php\/rolunk\/\" aria-label=\"Read more about r\u00f3lunk\">Olvass tov\u00e1bb<\/a><\/p>\n","protected":false},"author":3,"featured_media":0,"parent":0,"menu_order":0,"comment_status":"closed","ping_status":"closed","template":"","meta":{"footnotes":""},"class_list":["post-184","page","type-page","status-publish"],"_links":{"self":[{"href":"https:\/\/radaymuzeum.rgy.hu\/index.php\/wp-json\/wp\/v2\/pages\/184","targetHints":{"allow":["GET"]}}],"collection":[{"href":"https:\/\/radaymuzeum.rgy.hu\/index.php\/wp-json\/wp\/v2\/pages"}],"about":[{"href":"https:\/\/radaymuzeum.rgy.hu\/index.php\/wp-json\/wp\/v2\/types\/page"}],"author":[{"embeddable":true,"href":"https:\/\/radaymuzeum.rgy.hu\/index.php\/wp-json\/wp\/v2\/users\/3"}],"replies":[{"embeddable":true,"href":"https:\/\/radaymuzeum.rgy.hu\/index.php\/wp-json\/wp\/v2\/comments?post=184"}],"version-history":[{"count":2,"href":"https:\/\/radaymuzeum.rgy.hu\/index.php\/wp-json\/wp\/v2\/pages\/184\/revisions"}],"predecessor-version":[{"id":187,"href":"https:\/\/radaymuzeum.rgy.hu\/index.php\/wp-json\/wp\/v2\/pages\/184\/revisions\/187"}],"wp:attachment":[{"href":"https:\/\/radaymuzeum.rgy.hu\/index.php\/wp-json\/wp\/v2\/media?parent=184"}],"curies":[{"name":"wp","href":"https:\/\/api.w.org\/{rel}","templated":true}]}}