{"id":22,"date":"2025-04-02T20:22:18","date_gmt":"2025-04-02T20:22:18","guid":{"rendered":"https:\/\/radaymuzeum.rgy.hu\/?page_id=22"},"modified":"2026-03-24T15:29:47","modified_gmt":"2026-03-24T15:29:47","slug":"kiallitasok","status":"publish","type":"page","link":"https:\/\/radaymuzeum.rgy.hu\/index.php\/kiallitasok\/","title":{"rendered":"Ki\u00e1ll\u00edt\u00e1sok"},"content":{"rendered":"\n<div class=\"gb-element-af707826 alignfull\">\n<img loading=\"lazy\" decoding=\"async\" width=\"2560\" height=\"569\" class=\"gb-media-634bd8eb\" alt=\"\" src=\"https:\/\/radaymuzeum.rgy.hu\/wp-content\/uploads\/2025\/06\/Egyha\u0301zto\u0308rte\u0301neti-gyu\u030bjteme\u0301ny-2-scaled.jpg\" title=\"Egyha\u0301zto\u0308rte\u0301neti gyu\u030bjteme\u0301ny 2.\" srcset=\"https:\/\/radaymuzeum.rgy.hu\/wp-content\/uploads\/2025\/06\/Egyha\u0301zto\u0308rte\u0301neti-gyu\u030bjteme\u0301ny-2-scaled.jpg 2560w, https:\/\/radaymuzeum.rgy.hu\/wp-content\/uploads\/2025\/06\/Egyha\u0301zto\u0308rte\u0301neti-gyu\u030bjteme\u0301ny-2-300x67.jpg 300w, https:\/\/radaymuzeum.rgy.hu\/wp-content\/uploads\/2025\/06\/Egyha\u0301zto\u0308rte\u0301neti-gyu\u030bjteme\u0301ny-2-1024x228.jpg 1024w, https:\/\/radaymuzeum.rgy.hu\/wp-content\/uploads\/2025\/06\/Egyha\u0301zto\u0308rte\u0301neti-gyu\u030bjteme\u0301ny-2-768x171.jpg 768w, https:\/\/radaymuzeum.rgy.hu\/wp-content\/uploads\/2025\/06\/Egyha\u0301zto\u0308rte\u0301neti-gyu\u030bjteme\u0301ny-2-1536x341.jpg 1536w, https:\/\/radaymuzeum.rgy.hu\/wp-content\/uploads\/2025\/06\/Egyha\u0301zto\u0308rte\u0301neti-gyu\u030bjteme\u0301ny-2-2048x455.jpg 2048w\" sizes=\"auto, (max-width: 2560px) 100vw, 2560px\" \/>\n<\/div>\n\n\n\n<h2 class=\"gb-text gb-text-289f1632\">Ki\u00e1ll\u00edt\u00e1sok<\/h2>\n\n\n<div class=\"gb-container gb-container-317984a5\">\n\n<div class=\"gb-grid-wrapper gb-grid-wrapper-ad93448f gb-query-loop-wrapper\">\n<div class=\"gb-grid-column gb-grid-column-af44dcd6 gb-query-loop-item post-181 post type-post status-publish format-standard has-post-thumbnail hentry category-kiallitas\"><div class=\"gb-container gb-container-af44dcd6\">\n<figure class=\"gb-block-image gb-block-image-97c3e773\"><a href=\"https:\/\/radaymuzeum.rgy.hu\/index.php\/2026\/03\/24\/fuxreiter-asvanygyujtemeny-a-termeszet-harmadik-orszaga\/\"><img loading=\"lazy\" decoding=\"async\" width=\"520\" height=\"325\" src=\"https:\/\/radaymuzeum.rgy.hu\/wp-content\/uploads\/2026\/03\/asvany.jpg\" class=\"gb-image-97c3e773\" alt=\"\" srcset=\"https:\/\/radaymuzeum.rgy.hu\/wp-content\/uploads\/2026\/03\/asvany.jpg 520w, https:\/\/radaymuzeum.rgy.hu\/wp-content\/uploads\/2026\/03\/asvany-300x188.jpg 300w\" sizes=\"auto, (max-width: 520px) 100vw, 520px\" \/><\/a><\/figure>\n\n<h2 class=\"gb-headline gb-headline-8496a8e6 gb-headline-text\"><a href=\"https:\/\/radaymuzeum.rgy.hu\/index.php\/2026\/03\/24\/fuxreiter-asvanygyujtemeny-a-termeszet-harmadik-orszaga\/\">Fuxreiter \u00c1sv\u00e1nygy\u0171jtem\u00e9ny: A Term\u00e9szet harmadik orsz\u00e1ga<\/a><\/h2>\n\n<p class=\"gb-headline gb-headline-457c578b gb-headline-text\"><time class=\"entry-date published\" datetime=\"2026-03-24T15:41:27+00:00\">m\u00e1rcius 24, 2026<\/time><\/p>\n\n<a class=\"gb-button gb-button-a9ba4f95 gb-button-text\" href=\"https:\/\/radaymuzeum.rgy.hu\/index.php\/2026\/03\/24\/fuxreiter-asvanygyujtemeny-a-termeszet-harmadik-orszaga\/\">Tov\u00e1bb olvasom<\/a>\n<\/div><\/div>\n\n<div class=\"gb-grid-column gb-grid-column-af44dcd6 gb-query-loop-item post-169 post type-post status-publish format-standard has-post-thumbnail hentry category-kiallitas\"><div class=\"gb-container gb-container-af44dcd6\">\n<figure class=\"gb-block-image gb-block-image-97c3e773\"><a href=\"https:\/\/radaymuzeum.rgy.hu\/index.php\/2026\/03\/22\/a-kulcsra-zart-szoba-titkai\/\"><img loading=\"lazy\" decoding=\"async\" width=\"626\" height=\"777\" src=\"https:\/\/radaymuzeum.rgy.hu\/wp-content\/uploads\/2026\/03\/mj_gyenes_sira_nli_portre_ol.v._505x405_cm-e1774365467997.jpg\" class=\"gb-image-97c3e773\" alt=\"\" srcset=\"https:\/\/radaymuzeum.rgy.hu\/wp-content\/uploads\/2026\/03\/mj_gyenes_sira_nli_portre_ol.v._505x405_cm-e1774365467997.jpg 626w, https:\/\/radaymuzeum.rgy.hu\/wp-content\/uploads\/2026\/03\/mj_gyenes_sira_nli_portre_ol.v._505x405_cm-e1774365467997-242x300.jpg 242w\" sizes=\"auto, (max-width: 626px) 100vw, 626px\" \/><\/a><\/figure>\n\n<h2 class=\"gb-headline gb-headline-8496a8e6 gb-headline-text\"><a href=\"https:\/\/radaymuzeum.rgy.hu\/index.php\/2026\/03\/22\/a-kulcsra-zart-szoba-titkai\/\">A kulcsra z\u00e1rt szoba titkai. Murak\u00f6zy J\u00e1nos \u00e9lete \u00e9s fest\u00e9szete<\/a><\/h2>\n\n<p class=\"gb-headline gb-headline-457c578b gb-headline-text\"><time class=\"entry-date published\" datetime=\"2026-03-22T15:27:38+00:00\">m\u00e1rcius 22, 2026<\/time><\/p>\n\n<a class=\"gb-button gb-button-a9ba4f95 gb-button-text\" href=\"https:\/\/radaymuzeum.rgy.hu\/index.php\/2026\/03\/22\/a-kulcsra-zart-szoba-titkai\/\">Tov\u00e1bb olvasom<\/a>\n<\/div><\/div>\n\n<div class=\"gb-grid-column gb-grid-column-af44dcd6 gb-query-loop-item post-153 post type-post status-publish format-standard has-post-thumbnail hentry category-kiallitas\"><div class=\"gb-container gb-container-af44dcd6\">\n<figure class=\"gb-block-image gb-block-image-97c3e773\"><a href=\"https:\/\/radaymuzeum.rgy.hu\/index.php\/2026\/03\/20\/a-dunamellek-reformatus-egyhazmuveszete\/\"><img loading=\"lazy\" decoding=\"async\" width=\"2048\" height=\"1365\" src=\"https:\/\/radaymuzeum.rgy.hu\/wp-content\/uploads\/2026\/03\/2T5B2522_retusalt_w2048.jpg\" class=\"gb-image-97c3e773\" alt=\"\" srcset=\"https:\/\/radaymuzeum.rgy.hu\/wp-content\/uploads\/2026\/03\/2T5B2522_retusalt_w2048.jpg 2048w, https:\/\/radaymuzeum.rgy.hu\/wp-content\/uploads\/2026\/03\/2T5B2522_retusalt_w2048-300x200.jpg 300w, https:\/\/radaymuzeum.rgy.hu\/wp-content\/uploads\/2026\/03\/2T5B2522_retusalt_w2048-1024x683.jpg 1024w, https:\/\/radaymuzeum.rgy.hu\/wp-content\/uploads\/2026\/03\/2T5B2522_retusalt_w2048-768x512.jpg 768w, https:\/\/radaymuzeum.rgy.hu\/wp-content\/uploads\/2026\/03\/2T5B2522_retusalt_w2048-1536x1024.jpg 1536w\" sizes=\"auto, (max-width: 2048px) 100vw, 2048px\" \/><\/a><\/figure>\n\n<h2 class=\"gb-headline gb-headline-8496a8e6 gb-headline-text\"><a href=\"https:\/\/radaymuzeum.rgy.hu\/index.php\/2026\/03\/20\/a-dunamellek-reformatus-egyhazmuveszete\/\">A Dunamell\u00e9k reform\u00e1tus egyh\u00e1zm\u0171v\u00e9szete<\/a><\/h2>\n\n<p class=\"gb-headline gb-headline-457c578b gb-headline-text\"><time class=\"entry-date published\" datetime=\"2026-03-20T12:26:03+00:00\">m\u00e1rcius 20, 2026<\/time><\/p>\n\n<a class=\"gb-button gb-button-a9ba4f95 gb-button-text\" href=\"https:\/\/radaymuzeum.rgy.hu\/index.php\/2026\/03\/20\/a-dunamellek-reformatus-egyhazmuveszete\/\">Tov\u00e1bb olvasom<\/a>\n<\/div><\/div>\n<\/div>\n\n<\/div>","protected":false},"excerpt":{"rendered":"<p>Ki\u00e1ll\u00edt\u00e1sok<\/p>\n","protected":false},"author":3,"featured_media":0,"parent":0,"menu_order":0,"comment_status":"closed","ping_status":"closed","template":"","meta":{"footnotes":""},"class_list":["post-22","page","type-page","status-publish"],"_links":{"self":[{"href":"https:\/\/radaymuzeum.rgy.hu\/index.php\/wp-json\/wp\/v2\/pages\/22","targetHints":{"allow":["GET"]}}],"collection":[{"href":"https:\/\/radaymuzeum.rgy.hu\/index.php\/wp-json\/wp\/v2\/pages"}],"about":[{"href":"https:\/\/radaymuzeum.rgy.hu\/index.php\/wp-json\/wp\/v2\/types\/page"}],"author":[{"embeddable":true,"href":"https:\/\/radaymuzeum.rgy.hu\/index.php\/wp-json\/wp\/v2\/users\/3"}],"replies":[{"embeddable":true,"href":"https:\/\/radaymuzeum.rgy.hu\/index.php\/wp-json\/wp\/v2\/comments?post=22"}],"version-history":[{"count":10,"href":"https:\/\/radaymuzeum.rgy.hu\/index.php\/wp-json\/wp\/v2\/pages\/22\/revisions"}],"predecessor-version":[{"id":176,"href":"https:\/\/radaymuzeum.rgy.hu\/index.php\/wp-json\/wp\/v2\/pages\/22\/revisions\/176"}],"wp:attachment":[{"href":"https:\/\/radaymuzeum.rgy.hu\/index.php\/wp-json\/wp\/v2\/media?parent=22"}],"curies":[{"name":"wp","href":"https:\/\/api.w.org\/{rel}","templated":true}]}}