{"id":24,"date":"2025-04-02T20:22:49","date_gmt":"2025-04-02T20:22:49","guid":{"rendered":"https:\/\/radaymuzeum.rgy.hu\/?page_id=24"},"modified":"2026-03-25T10:27:39","modified_gmt":"2026-03-25T10:27:39","slug":"a-radayak","status":"publish","type":"page","link":"https:\/\/radaymuzeum.rgy.hu\/index.php\/a-radayak\/","title":{"rendered":"A R\u00e1dayak"},"content":{"rendered":"\n<div class=\"gb-element-af707826 alignfull\">\n<img loading=\"lazy\" decoding=\"async\" width=\"2560\" height=\"569\" class=\"gb-media-634bd8eb\" alt=\"\" src=\"https:\/\/radaymuzeum.rgy.hu\/wp-content\/uploads\/2025\/06\/Egyha\u0301zto\u0308rte\u0301neti-gyu\u030bjteme\u0301ny-2-scaled.jpg\" title=\"Egyha\u0301zto\u0308rte\u0301neti gyu\u030bjteme\u0301ny 2.\" srcset=\"https:\/\/radaymuzeum.rgy.hu\/wp-content\/uploads\/2025\/06\/Egyha\u0301zto\u0308rte\u0301neti-gyu\u030bjteme\u0301ny-2-scaled.jpg 2560w, https:\/\/radaymuzeum.rgy.hu\/wp-content\/uploads\/2025\/06\/Egyha\u0301zto\u0308rte\u0301neti-gyu\u030bjteme\u0301ny-2-300x67.jpg 300w, https:\/\/radaymuzeum.rgy.hu\/wp-content\/uploads\/2025\/06\/Egyha\u0301zto\u0308rte\u0301neti-gyu\u030bjteme\u0301ny-2-1024x228.jpg 1024w, https:\/\/radaymuzeum.rgy.hu\/wp-content\/uploads\/2025\/06\/Egyha\u0301zto\u0308rte\u0301neti-gyu\u030bjteme\u0301ny-2-768x171.jpg 768w, https:\/\/radaymuzeum.rgy.hu\/wp-content\/uploads\/2025\/06\/Egyha\u0301zto\u0308rte\u0301neti-gyu\u030bjteme\u0301ny-2-1536x341.jpg 1536w, https:\/\/radaymuzeum.rgy.hu\/wp-content\/uploads\/2025\/06\/Egyha\u0301zto\u0308rte\u0301neti-gyu\u030bjteme\u0301ny-2-2048x455.jpg 2048w\" sizes=\"auto, (max-width: 2560px) 100vw, 2560px\" \/>\n<\/div>\n\n\n\n<h2 class=\"gb-text gb-text-724b41d4\">A R\u00e1dayak<\/h2>\n\n\n\n<p class=\"gb-text\">A R\u00e1day M\u00fazeum nev\u00e9vel a gy\u0171jtem\u00e9ny\u00fcnk alapj\u00e1t megteremt\u0151 R\u00e1day-csal\u00e1dra eml\u00e9kezik.<\/p>\n\n\n\n<div class=\"gb-element-e555c6a6\">\n<div class=\"gb-element-a1226bc9\">\n<div>\n<img loading=\"lazy\" decoding=\"async\" width=\"750\" height=\"1000\" class=\"gb-media-b15166f5\" alt=\"\" title=\"OLYMPUS DIGITAL CAMERA\" src=\"https:\/\/radaymuzeum.rgy.hu\/wp-content\/uploads\/2026\/03\/raday_pal.jpg\" srcset=\"https:\/\/radaymuzeum.rgy.hu\/wp-content\/uploads\/2026\/03\/raday_pal.jpg 750w, https:\/\/radaymuzeum.rgy.hu\/wp-content\/uploads\/2026\/03\/raday_pal-225x300.jpg 225w\" sizes=\"auto, (max-width: 750px) 100vw, 750px\" \/>\n<\/div>\n\n\n\n<div>\n<h3 class=\"gb-text gb-text-8a718b20\">R\u00e1day P\u00e1l<\/h3>\n\n\n\n<p class=\"gb-text\">A gy\u0171jtem\u00e9ny alap\u00edt\u00f3ja, R\u00e1day P\u00e1l nagy m\u0171velts\u00e9g\u0171 k\u00f6znemes, irodalm\u00e1r, \u00e1llamf\u00e9rfi, egyh\u00e1zpolitikus. II. R\u00e1k\u00f3czi Ferenc bels\u0151 titk\u00e1ra, majd kancell\u00e1ri\u00e1j\u00e1nak igazgat\u00f3ja \u00e9s diplomat\u00e1ja 1703-1711. k\u00f6z\u00f6tt.<br><br>E tiszts\u00e9geiben elj\u00e1rva \u0151 \u00f6nt\u00f6tte form\u00e1ba a nagyfejedelem leveleit, politikai ki\u00e1ltv\u00e1nyait, \u00edgy az \u0151 keze munk\u00e1ja a h\u00edres Recrudescunt&#8230; c\u00edm\u0171 ki\u00e1ltv\u00e1ny is. A reform\u00e1tus vall\u00e1s\u00fa, k\u00f6znemes R\u00e1day P\u00e1l a szabads\u00e1gharc buk\u00e1sa ut\u00e1n itthon marad \u00e9s megszerzett tapasztalatait els\u0151sorban egyh\u00e1za, hitsorsosai sz\u00e1m\u00e1ra kamatoztatja. Ez\u00e9rt 1712-ben r\u00e1ruh\u00e1zz\u00e1k az els\u0151 \u00edzben \u0151\u00e1ltala bet\u00f6lt\u00f6tt egyetemes f\u0151gondnoki tisztet (a magyarorsz\u00e1gi reform\u00e1tus egyh\u00e1z legf\u0151bb, vil\u00e1gi \u00e1ltal bet\u00f6lthet\u0151 tiszts\u00e9ge). R\u00e1day P\u00e1l vetette meg a k\u00e9s\u0151bb ily h\u00edress\u00e9 v\u00e1lt k\u00f6nyvgy\u0171jtem\u00e9ny alapjait. Nemcsak gy\u0171jt\u00f6tte, hanem \u00edrta is a k\u00f6nyveket. K\u00f6lt\u0151k\u00e9nt \u00e9s publicistak\u00e9nt is megeml\u00e9kezik r\u00f3la irodalomt\u00f6rt\u00e9net\u00fcnk. Legh\u00edresebb munk\u00e1ja a \u201eLelki h\u00f3dol\u00e1s\u2026istenes \u00faj \u00e9nekekkel\u201d (Kassa, 1710) c\u00edm\u0171 im\u00e1ds\u00e1gos k\u00f6nyve, mely sz\u00e1mos kiad\u00e1st \u00e9rt meg. S\u00edrja Losoncon tal\u00e1lhat\u00f3.<\/p>\n<\/div>\n<\/div>\n\n\n\n<div class=\"gb-element-47d7627d\">\n<div class=\"gb-element-62ad189f\">\n<img loading=\"lazy\" decoding=\"async\" width=\"371\" height=\"622\" class=\"gb-media-bf8ce712\" alt=\"\" title=\"raday_gedeon2\" src=\"https:\/\/radaymuzeum.rgy.hu\/wp-content\/uploads\/2026\/03\/raday_gedeon2.jpg\" srcset=\"https:\/\/radaymuzeum.rgy.hu\/wp-content\/uploads\/2026\/03\/raday_gedeon2.jpg 371w, https:\/\/radaymuzeum.rgy.hu\/wp-content\/uploads\/2026\/03\/raday_gedeon2-179x300.jpg 179w\" sizes=\"auto, (max-width: 371px) 100vw, 371px\" \/>\n<\/div>\n\n\n\n<div>\n<h3 class=\"gb-text gb-text-ab4cdfd7\">R\u00e1day Gedeon<\/h3>\n\n\n\n<p class=\"gb-text\">R\u00e1day P\u00e1l fia, Gedeon apja nyomdokain haladva jelent\u0151sen b\u0151v\u00edtette a k\u00f6nyvt\u00e1rat, mely \u00edgy a felvil\u00e1gosod\u00e1s kor\u00e1nak legjelent\u0151sebb k\u00f6z\u00e9p-eur\u00f3pai k\u00f6znemesi k\u00f6nyvt\u00e1r\u00e1v\u00e1 lett. A bibliot\u00e9ka k\u00f6nyv\u00e1llom\u00e1ny\u00e1nak elemz\u00e9se alapj\u00e1n meg\u00e1llap\u00edthat\u00f3, hogy a R\u00e1dayak \u2013 mintegy 50 \u00e9vvel megel\u0151zve a t\u00f6bbi k\u00f6nyvt\u00e1ralap\u00edt\u00f3t \u2013 gy\u0171jt\u00f6tt\u00e9k a hungarika anyagot, a felvil\u00e1gosod\u00e1s klasszikusait; k\u00f6nyveik d\u00f6nt\u0151 t\u00f6bbs\u00e9ge sz\u00e9pirodalom \u00e9s a teol\u00f3gia szakba sorolhat\u00f3. A k\u00f6nyvt\u00e1r R\u00e1day Gedeon idej\u00e9ben aff\u00e9le nyilv\u00e1nos int\u00e9zm\u00e9nyk\u00e9nt is m\u0171k\u00f6d\u00f6tt, hiszen igen sok k\u00f6lcs\u00f6nz\u00e9sr\u0151l maradtak fenn adatok. A korabeli k\u00f6nyvt\u00e1r m\u00e1r szinte minden \u00e9rdekl\u0151d\u0151t, adatra, k\u00f6nyvre k\u00edv\u00e1ncsi olvas\u00f3t, k\u00f6zt\u00fck azonban els\u0151sorban kora protest\u00e1ns \u00e9rtelmis\u00e9g\u00e9t kiszolg\u00e1lta. Legnevesebb olvas\u00f3i k\u00f6z\u00f6tt szok\u00e1s Kazinczy Ferencet emlegetni.<br><br>A k\u00f6nyvgy\u0171jt\u0151, \u00edr\u00f3, irodalomszervez\u0151 R\u00e1day Gedeon a gy\u0171jt\u00e9s egy\u00e9b szenved\u00e9lyeinek is h\u00f3dolt: \u00e9rmekkel, grafik\u00e1kkal, festm\u00e9nyekkel gyarap\u00edtotta a csal\u00e1d \u00e9rt\u00e9keit. A p\u00e9celi kast\u00e9ly k\u00e9pt\u00e1r\u00e1t csod\u00e1lattal emlegett\u00e9k a kort\u00e1rsak. S\u00edrja P\u00e9celen tal\u00e1lhat\u00f3.<br><br>A R\u00e1dayak k\u00f6nyvt\u00e1r\u00e1nak 18. sz\u00e1zadi t\u00f6rt\u00e9net\u00e9t feldolgoz\u00f3 Segesv\u00e1ry Viktor, a k\u00f6vetkez\u0151 summ\u00e1zatot adja a n\u00e9vad\u00f3kr\u00f3l:<br><br><em>\u201e A k\u00f6nyvt\u00e1ralap\u00edt\u00f3 \u00e9s fejleszt\u0151 k\u00e9t R\u00e1day a k\u00f6znemess\u00e9gb\u0151l n\u0151tt ki \u00e9s mindv\u00e9gig ennek a z\u00f6m\u00e9ben protest\u00e1ns, ezen bel\u00fcl pedig t\u00falnyom\u00f3r\u00e9szt reform\u00e1tus vall\u00e1s\u00fa megyei nemess\u00e9gnek volt tipikus, de m\u0171velts\u00e9g\u00e9ben \u00e9s tehets\u00e9g\u00e9ben magasan kiemelked\u0151 k\u00e9pvisel\u0151je. Apa \u00e9s fi\u00fa \u2013 k\u00e9t ellent\u00e9tes szerepet j\u00e1tsz\u00f3 szem\u00e9lyis\u00e9g &#8211; : az egyik a nemzeti f\u00fcggetlens\u00e9g harcosa, a k\u00fczdelem elbuk\u00e1sa ut\u00e1n pedig a protest\u00e1nsok ellen\u00e1ll\u00e1s\u00e1nak vez\u00e9re, a m\u00e1sik a politika ter\u00e9t\u0151l f\u00e9lrevonul\u00f3, csak sz\u00edv\u00e9ben kuruc, irodalomszervez\u0151 \u00e9s k\u00f6nyvgy\u0171jt\u0151, a kett\u0151 sorsa azonban eggy\u00e9olvad a nemzet szolg\u00e1lat\u00e1ban.\u201d (Segesv\u00e1ry Viktor)<\/em><\/p>\n<\/div>\n<\/div>\n\n\n\n<p class=\"gb-text gb-text-49ad1985\">A R\u00e1dayak \u00e1ltal l\u00e9trehozott gy\u0171jtem\u00e9ny 1859-ben ker\u00fclt a Dunamell\u00e9ki Reform\u00e1tus Egyh\u00e1zker\u00fclet tulajdon\u00e1ba.<br><a href=\"https:\/\/radaymuzeum.hu\/sites\/default\/files\/kepek\/raday_kastely.jpg\"><\/a>Ut\u00f3bb a R\u00e1day-csal\u00e1d t\u00f6bb tagja j\u00e1tszott vezet\u0151 szerepet egyh\u00e1zi \u00e9s politikai k\u00f6z\u00e9let\u00fcnkben.<br>Losoncon \u00e9s P\u00e9celen k\u00edv\u00fcl a R\u00e1dayakhoz kapcsol\u00f3d\u00f3 eml\u00e9khelyek tal\u00e1lhat\u00f3k m\u00e9g Lud\u00e1nyhal\u00e1sziban (kast\u00e9ly) \u00e9s Ikladon (s\u00edrkert).<br>M\u00e1nyoki \u00c1d\u00e1m: R\u00e1day P\u00e1l (1724\/25)<br>Thomas Klimes\/Q. Mark: R\u00e1day Gedeon (1788)<\/p>\n<\/div>\n\n\n\n<p><\/p>\n","protected":false},"excerpt":{"rendered":"<p>A R\u00e1dayak A R\u00e1day M\u00fazeum nev\u00e9vel a gy\u0171jtem\u00e9ny\u00fcnk alapj\u00e1t megteremt\u0151 R\u00e1day-csal\u00e1dra eml\u00e9kezik. R\u00e1day P\u00e1l A gy\u0171jtem\u00e9ny alap\u00edt\u00f3ja, R\u00e1day P\u00e1l nagy m\u0171velts\u00e9g\u0171 k\u00f6znemes, irodalm\u00e1r, \u00e1llamf\u00e9rfi, egyh\u00e1zpolitikus. II. R\u00e1k\u00f3czi Ferenc bels\u0151 titk\u00e1ra, majd kancell\u00e1ri\u00e1j\u00e1nak igazgat\u00f3ja \u00e9s diplomat\u00e1ja 1703-1711. k\u00f6z\u00f6tt. E tiszts\u00e9geiben elj\u00e1rva \u0151 \u00f6nt\u00f6tte form\u00e1ba a nagyfejedelem leveleit, politikai ki\u00e1ltv\u00e1nyait, \u00edgy az \u0151 keze munk\u00e1ja a h\u00edres &#8230; <a title=\"A R\u00e1dayak\" class=\"read-more\" href=\"https:\/\/radaymuzeum.rgy.hu\/index.php\/a-radayak\/\" aria-label=\"Read more about A R\u00e1dayak\">Olvass tov\u00e1bb<\/a><\/p>\n","protected":false},"author":3,"featured_media":0,"parent":0,"menu_order":0,"comment_status":"closed","ping_status":"closed","template":"","meta":{"footnotes":""},"class_list":["post-24","page","type-page","status-publish"],"_links":{"self":[{"href":"https:\/\/radaymuzeum.rgy.hu\/index.php\/wp-json\/wp\/v2\/pages\/24","targetHints":{"allow":["GET"]}}],"collection":[{"href":"https:\/\/radaymuzeum.rgy.hu\/index.php\/wp-json\/wp\/v2\/pages"}],"about":[{"href":"https:\/\/radaymuzeum.rgy.hu\/index.php\/wp-json\/wp\/v2\/types\/page"}],"author":[{"embeddable":true,"href":"https:\/\/radaymuzeum.rgy.hu\/index.php\/wp-json\/wp\/v2\/users\/3"}],"replies":[{"embeddable":true,"href":"https:\/\/radaymuzeum.rgy.hu\/index.php\/wp-json\/wp\/v2\/comments?post=24"}],"version-history":[{"count":8,"href":"https:\/\/radaymuzeum.rgy.hu\/index.php\/wp-json\/wp\/v2\/pages\/24\/revisions"}],"predecessor-version":[{"id":204,"href":"https:\/\/radaymuzeum.rgy.hu\/index.php\/wp-json\/wp\/v2\/pages\/24\/revisions\/204"}],"wp:attachment":[{"href":"https:\/\/radaymuzeum.rgy.hu\/index.php\/wp-json\/wp\/v2\/media?parent=24"}],"curies":[{"name":"wp","href":"https:\/\/api.w.org\/{rel}","templated":true}]}}