{"id":26,"date":"2025-04-02T20:23:53","date_gmt":"2025-04-02T20:23:53","guid":{"rendered":"https:\/\/radaymuzeum.rgy.hu\/?page_id=26"},"modified":"2026-03-25T10:51:18","modified_gmt":"2026-03-25T10:51:18","slug":"kutatas","status":"publish","type":"page","link":"https:\/\/radaymuzeum.rgy.hu\/index.php\/kutatas\/","title":{"rendered":"Kutat\u00e1s"},"content":{"rendered":"\n<div class=\"gb-element-af707826 alignfull\">\n<img loading=\"lazy\" decoding=\"async\" width=\"2560\" height=\"569\" class=\"gb-media-634bd8eb\" alt=\"\" src=\"https:\/\/radaymuzeum.rgy.hu\/wp-content\/uploads\/2025\/06\/Egyha\u0301zto\u0308rte\u0301neti-gyu\u030bjteme\u0301ny-2-scaled.jpg\" title=\"Egyha\u0301zto\u0308rte\u0301neti gyu\u030bjteme\u0301ny 2.\" srcset=\"https:\/\/radaymuzeum.rgy.hu\/wp-content\/uploads\/2025\/06\/Egyha\u0301zto\u0308rte\u0301neti-gyu\u030bjteme\u0301ny-2-scaled.jpg 2560w, https:\/\/radaymuzeum.rgy.hu\/wp-content\/uploads\/2025\/06\/Egyha\u0301zto\u0308rte\u0301neti-gyu\u030bjteme\u0301ny-2-300x67.jpg 300w, https:\/\/radaymuzeum.rgy.hu\/wp-content\/uploads\/2025\/06\/Egyha\u0301zto\u0308rte\u0301neti-gyu\u030bjteme\u0301ny-2-1024x228.jpg 1024w, https:\/\/radaymuzeum.rgy.hu\/wp-content\/uploads\/2025\/06\/Egyha\u0301zto\u0308rte\u0301neti-gyu\u030bjteme\u0301ny-2-768x171.jpg 768w, https:\/\/radaymuzeum.rgy.hu\/wp-content\/uploads\/2025\/06\/Egyha\u0301zto\u0308rte\u0301neti-gyu\u030bjteme\u0301ny-2-1536x341.jpg 1536w, https:\/\/radaymuzeum.rgy.hu\/wp-content\/uploads\/2025\/06\/Egyha\u0301zto\u0308rte\u0301neti-gyu\u030bjteme\u0301ny-2-2048x455.jpg 2048w\" sizes=\"auto, (max-width: 2560px) 100vw, 2560px\" \/>\n<\/div>\n\n\n\n<div>\n<h2 class=\"gb-text gb-text-e1746b30\">Kutat\u00e1s<\/h2>\n\n\n\n<p>Gy\u0171jtem\u00e9nyeink kutathat\u00f3s\u00e1g\u00e1nak napja \u00e9s id\u0151tartama:<\/p>\n\n\n\n<p><strong>Kedd 10-15 \u00f3ra k\u00f6z\u00f6tt<\/strong><\/p>\n\n\n\n<h3 class=\"gb-text gb-text-b1bc53c9\">A szab\u00e1lyzat vonatkozik:<\/h3>\n\n\n\n<p>A R\u00e1day M\u00fazeum<\/p>\n\n\n\n<ul class=\"wp-block-list\">\n<li>Iparm\u0171v\u00e9szeti<\/li>\n\n\n\n<li>K\u00e9pz\u0151m\u0171v\u00e9szeti anyag\u00e1ra<\/li>\n\n\n\n<li>\u00c9rem-<\/li>\n\n\n\n<li>Fot\u00f3-<\/li>\n\n\n\n<li>\u00c1sv\u00e1nyt\u00e1r\u00e1ra<\/li>\n\n\n\n<li>K\u00e9zik\u00f6nyvt\u00e1r\u00e1ra<\/li>\n<\/ul>\n\n\n\n<h3 class=\"wp-block-heading\">A gy\u0171jtem\u00e9nyek elhelyez\u00e9se<\/h3>\n\n\n\n<ul class=\"wp-block-list\">\n<li>Az ipar-, k\u00e9pz\u0151m\u0171v\u00e9szeti, \u00e9rem- \u00e9s fot\u00f3t\u00e1r anyaga tanulm\u00e1nyi rakt\u00e1runk e c\u00e9lra kialak\u00edtott kutat\u00f3f\u00fclk\u00e9j\u00e9ben tanulm\u00e1nyozhat\u00f3.<\/li>\n\n\n\n<li>A k\u00e9zik\u00f6nyvt\u00e1r haszn\u00e1lat\u00e1ra k\u00f6nyvt\u00e1rhelyis\u00e9g\u00fcnkben van lehet\u0151s\u00e9g.<\/li>\n<\/ul>\n\n\n\n<h3 class=\"wp-block-heading\">\u00c1ltal\u00e1nos kutat\u00e1si szab\u00e1lyok<\/h3>\n\n\n\n<ul class=\"wp-block-list\">\n<li>A Dunamell\u00e9ki Reform\u00e1tus Egyh\u00e1zker\u00fclet R\u00e1day M\u00fazeuma, Kecskem\u00e9t (tov\u00e1bbiakban: m\u00fazeum) a Dunamell\u00e9ki Reform\u00e1tus Egyh\u00e1zker\u00fclet (1092 Budapest, R\u00e1day u. 28.) \u00e1ltal fenntartott nyilv\u00e1nos egyh\u00e1zi m\u00fazeum. Gy\u0171jtem\u00e9nyeiben minden jogi, vagy 18. \u00e9v\u00e9t bet\u00f6lt\u00f6tt term\u00e9szetes szem\u00e9ly kaphat kutat\u00e1si enged\u00e9lyt \u00e9s v\u00e9gezhet kutat\u00f3munk\u00e1t.<\/li>\n\n\n\n<li>A kutat\u00e1s d\u00edjmentes. A kutat\u00e1ssal j\u00e1r\u00f3 technikai k\u00f6lts\u00e9geket \u00e9s a felhaszn\u00e1l\u00f3i d\u00edjakat a m\u00fazeum felsz\u00e1m\u00edtja.<\/li>\n\n\n\n<li>Kutat\u00e1snak min\u0151s\u00fcl minden tudom\u00e1nyos vizsg\u00e1lat, adatgy\u0171jt\u00e9s \u00e9s inform\u00e1ci\u00f3szerz\u00e9s \u2013f\u00fcggetlen\u00fcl att\u00f3l, hogy a kutat\u00e1s vagy a publik\u00e1ci\u00f3 a konkr\u00e9t anyag k\u00f6zl\u00e9s\u00e9re, felhaszn\u00e1l\u00e1s\u00e1ra, vagy csak a bel\u0151l\u00fck szerzett inform\u00e1ci\u00f3k, adatok k\u00f6vetkeztet\u00e9s\u00e9nek felhaszn\u00e1l\u00e1s\u00e1ra ir\u00e1nyul.<\/li>\n\n\n\n<li>A kutat\u00e1s egyr\u00e9szt a k\u00f6nyvt\u00e1rban, m\u00e1sr\u00e9szt a rakt\u00e1r kutat\u00f3f\u00fclk\u00e9j\u00e9ben folytathat\u00f3, a kijel\u00f6lt m\u00fazeumi munkat\u00e1rs folyamatos jelenl\u00e9te mellett.<\/li>\n\n\n\n<li>A kutat\u00f3k sz\u00e1m\u00e1ra a ruhat\u00e1r haszn\u00e1lata k\u00f6telez\u0151. A magukkal hozott t\u00e1sk\u00e1t \u00e9s csomagot is ott k\u00e9rj\u00fck elhelyezni. A ruh\u00e1kban hagyott \u00e9rt\u00e9kek\u00e9rt a gy\u0171jtem\u00e9ny felel\u0151ss\u00e9get nem tud v\u00e1llalni.<\/li>\n\n\n\n<li>A fentiekben eml\u00edtett kutat\u00f3helyis\u00e9gekbe \u00e9telt, italt bevinni \u00e9s fogyasztani tilos! Doh\u00e1nyozni kiz\u00e1r\u00f3lag az \u00e9p\u00fclett\u0151l 5 m\u00e9ter t\u00e1vols\u00e1gon k\u00edv\u00fcl szabad.<\/li>\n\n\n\n<li>Mobiltelefon haszn\u00e1lata kiz\u00e1r\u00f3lag a gy\u0171jtem\u00e9nyek el\u0151ter\u00e9ben (folyos\u00f3n), a l\u00e1togat\u00f3k \u00e9s a gy\u0171jtem\u00e9nyi szolg\u00e1ltat\u00e1sok zavar\u00e1sa n\u00e9lk\u00fcl enged\u00e9lyezett.<\/li>\n\n\n\n<li>A kutat\u00f3 els\u0151 kutat\u00e1si napj\u00e1n k\u00f6teles a kutat\u00f3lap\/kutat\u00e1si enged\u00e9ly k\u00e9relem kit\u00f6lt\u00e9s\u00e9hez a szem\u00e9lyi okm\u00e1nyait bemutatni, valamint kutat\u00e1si t\u00e9m\u00e1j\u00e1t \u00e9s c\u00e9ljait megadni. A kutat\u00f3lapot\/ kutat\u00e1si enged\u00e9ly k\u00e9relmet a m\u00fazeum vezet\u0151je t\u00f6lti ki.<\/li>\n\n\n\n<li>A kutat\u00f3lap, kutat\u00e1si enged\u00e9ly k\u00e9relem tartalmazza a kutat\u00f3 szem\u00e9lyi adatait (n\u00e9v, sz\u00fclet\u00e9si hely \u00e9s d\u00e1tum, szem\u00e9lyi anyja neve, szem\u00e9lyi igazolv\u00e1ny vagy \u00fatlev\u00e9l sz\u00e1m), \u00e1lland\u00f3 lakc\u00edm\u00e9t, telefon \u00e9s\/vagy e-mail c\u00edm\u00e9t, munkahely\u00e9t, valamint a kutat\u00e1s t\u00e1rgy\u00e1t \u00e9s c\u00e9lj\u00e1t.<\/li>\n\n\n\n<li>Jegyzetelni kiz\u00e1r\u00f3lag ceruz\u00e1val lehet. Szigor\u00faan tilos az iraton illetve k\u00f6nyv\u00f6n \u00edrni, valamint az iratokra, k\u00f6nyvekre b\u00e1rmif\u00e9le megjegyz\u00e9st r\u00e1vezetni. A dokumentumot megrong\u00e1l\u00f3 olvas\u00f3 vagy kutat\u00f3 a gy\u0171jtem\u00e9nyi kutat\u00e1sb\u00f3l kiz\u00e1rhat\u00f3!<\/li>\n\n\n\n<li>A t\u00e1rgyi anyag tanulm\u00e1nyoz\u00e1s\u00e1hoz v\u00e9d\u0151keszty\u0171 haszn\u00e1lata k\u00f6telez\u0151.<\/li>\n\n\n\n<li>Kutat\u00f3 az olvas\u00f3teremb\u0151l, kutat\u00f3helyis\u00e9gb\u0151l anyagot (\u00edrott vagy t\u00e1rgyi) semmilyen sz\u00e1nd\u00e9kkal nem vihet ki!<\/li>\n\n\n\n<li>Ha a k\u00e9rt dokumentumr\u00f3l a gy\u0171jtem\u00e9ny birtok\u00e1ban van megfelel\u0151 min\u0151s\u00e9g\u0171 m\u00e1solat, az eredeti dokumentum helyett \u00e1llom\u00e1nyv\u00e9delmi okokb\u00f3l a m\u00e1solat bocs\u00e1that\u00f3 a kutat\u00f3 rendelkez\u00e9s\u00e9re.<\/li>\n\n\n\n<li>Ha a k\u00e9rt dokumentum vagy t\u00e1rgyi anyag s\u00e9r\u00fclt, a kutat\u00e1si enged\u00e9ly megtagadhat\u00f3.<\/li>\n\n\n\n<li>A kutat\u00e1si szab\u00e1lyok megs\u00e9rt\u00e9se eset\u00e9n a kutat\u00e1si enged\u00e9ly id\u0151legesen vagy v\u00e9glegesen visszavonhat\u00f3.<\/li>\n\n\n\n<li>A kutat\u00f3t a gy\u0171jtem\u00e9nyek vezet\u00e9sre adatszolg\u00e1ltat\u00e1sra k\u00e9rheti fel.<\/li>\n\n\n\n<li>A kutat\u00f3k panaszaikkal, javaslataikkal felkereshetik a m\u00fazeumvezet\u0151t, vagy a m\u00fazeum fenntart\u00f3j\u00e1nak k\u00e9pvisel\u0151j\u00e9t (dr. Berecz \u00c1gnes f\u0151igazgat\u00f3, R\u00e1day Gy\u0171jtem\u00e9ny, Budapest, R\u00e1day u. 28. 1092) .<\/li>\n\n\n\n<li>A kutat\u00f3 a kutat\u00e1s sor\u00e1n olyan saj\u00e1t tulajdon\u00fa technikai eszk\u00f6z\u00f6ket (pl. laptop, notebook, diktafon) haszn\u00e1lhat, amelyek munk\u00e1j\u00e1ban seg\u00edtik. A technikai eszk\u00f6z\u00f6k haszn\u00e1lat\u00e1t a kutat\u00f3nak el\u0151re, a kutat\u00e1si enged\u00e9ly k\u00e9relmez\u00e9sekor, kell jeleznie a m\u00fazeumnak.<\/li>\n<\/ul>\n\n\n\n<h3 class=\"wp-block-heading\">Kutat\u00e1si enged\u00e9ly k\u00e9r\u00e9s\u00e9re \u00e9s a gy\u0171jtem\u00e9nyek haszn\u00e1lat\u00e1ra vonatkoz\u00f3 szab\u00e1lyok<\/h3>\n\n\n\n<ul class=\"wp-block-list\">\n<li>A gy\u0171jtem\u00e9nyekben kiz\u00e1r\u00f3lag \u00e9rv\u00e9nyes kutat\u00e1si enged\u00e9llyel rendelkez\u0151 szem\u00e9ly v\u00e9gezhet kutat\u00f3munk\u00e1t.<\/li>\n\n\n\n<li>Kutat\u00e1si enged\u00e9ly, a kutat\u00e1s t\u00e1rgy\u00e1nak, c\u00e9lj\u00e1nak meghat\u00e1roz\u00e1s\u00e1val, k\u00e9rhet\u0151 lev\u00e9lben (c\u00edm: R\u00e1day M\u00fazeum 6000 Kecskem\u00e9t, K\u00e1lvin t\u00e9r 1.) illetve e-mailben (<a href=\"mailto:klenodium@gmail.com\">klenodium@gmail.com(link sends e-mail)<\/a>). A k\u00e9r\u00e9snek a tervezett kutat\u00e1si nap el\u0151tt minimum 3 h\u00e9ttel (21 nap) meg kell \u00e9rkeznie a m\u00fazeumba.<\/li>\n\n\n\n<li>A kutat\u00e1si enged\u00e9lynek illetve az erre vonatkoz\u00f3 k\u00e9relemnek tartalmaznia kell: a kutat\u00f3 szem\u00e9ly adatait (n\u00e9v, lakc\u00edm, szem\u00e9lyi igazolv\u00e1ny sz\u00e1m, munkahely), a kutat\u00e1s t\u00e1rgy\u00e1t, c\u00e9lj\u00e1t \u00e9s id\u0151tartam\u00e1t, a kutatni k\u00edv\u00e1nt gy\u0171jtem\u00e9nyt.<\/li>\n\n\n\n<li>A kutat\u00e1shoz sz\u00fcks\u00e9ges enged\u00e9lyt a R\u00e1day M\u00fazeum igazgat\u00f3ja adja meg a k\u00e9relem beny\u00fajt\u00e1s\u00e1t\u00f3l sz\u00e1m\u00edtott 15 napon bel\u00fcl.<\/li>\n\n\n\n<li>A kutat\u00f3 a kutat\u00e1si enged\u00e9ly megad\u00e1sa fel\u0151l lev\u00e9lben, e-mailben \u00e9s telefonon \u00e9rdekl\u0151dhet a m\u00fazeum munkat\u00e1rsain\u00e1l.<\/li>\n\n\n\n<li>A kutat\u00e1si enged\u00e9ly m\u00e1s szem\u00e9lyre \u00e1t nem ruh\u00e1zhat\u00f3, egy p\u00e9ld\u00e1nyt az \u00e9rintett gy\u0171jtem\u00e9ny \u0151riz.<\/li>\n\n\n\n<li>A kutatni k\u00edv\u00e1nt t\u00e9ma v\u00e1ltoz\u00e1sa eset\u00e9n \u00faj kutat\u00e1si enged\u00e9lyt kell k\u00e9rni.<\/li>\n\n\n\n<li>A kutat\u00e1s enged\u00e9ly a kutat\u00e1si enged\u00e9lyben el\u0151re jelzett (k\u00e9relemben megjel\u00f6lt) d\u00e1tumig \u00e9rv\u00e9nyes. \u00c9rv\u00e9nyess\u00e9g\u00e9nek id\u0151tartama azonban a m\u00fazeum igazgat\u00f3j\u00e1nak j\u00f3v\u00e1hagy\u00e1s\u00e1val \u2013 egy alkalommal \u2013 meghosszabb\u00edthat\u00f3.<\/li>\n\n\n\n<li>A kutat\u00f3nak lehet\u0151s\u00e9ge van a pontos lelt\u00e1ri sz\u00e1m ismeret\u00e9ben az ig\u00e9nyelt anyagot a kutat\u00e1si enged\u00e9ly elfogad\u00e1sa ut\u00e1n lev\u00e9lben, telefonon vagy e-mailben el\u0151re kik\u00e9rni.<\/li>\n\n\n\n<li>Ha a kutat\u00f3 az \u00e1ltala ig\u00e9nyelt \u00e9s enged\u00e9lyezett kutat\u00e1st \u2013 an\u00e9lk\u00fcl, hogy elmarad\u00e1s\u00e1nak ok\u00e1t jelezn\u00e9 \u2013 a kutat\u00e1si enged\u00e9ly k\u00e9relm\u00e9ben le\u00edrt id\u0151pontban vagy az azt k\u00f6vet\u0151 10 napon bel\u00fcl nem kezdi meg, az ig\u00e9nyelt \u00e9s el\u0151k\u00e9sz\u00edtett anyagot visszahelyezik \u0151rz\u00e9si hely\u00e9re \u00e9s azt \u00fajra kell k\u00e9relmeznie.<\/li>\n\n\n\n<li>A kutat\u00f3 egyszerre maximum 1 db muze\u00e1lis t\u00e1rgyat illetve dokumentumot \u00e9s maximum 2 db k\u00e9zik\u00f6nyvet haszn\u00e1lhat.<\/li>\n\n\n\n<li>A muze\u00e1lis gy\u0171jtem\u00e9nyek kutat\u00e1sa minden esetben csak v\u00e9d\u0151keszty\u0171 haszn\u00e1lat\u00e1val t\u00f6rt\u00e9nhet, melyet a kutat\u00f3 k\u00e9rhet a muzeol\u00f3gust\u00f3l!<\/li>\n<\/ul>\n\n\n\n<h3 class=\"wp-block-heading\">A kutat\u00f3 k\u00f6teless\u00e9gei<\/h3>\n\n\n\n<ul class=\"wp-block-list\">\n<li>A kutat\u00f3 a kutat\u00e1si enged\u00e9lyk\u00e9r\u0151 lapon nyilatkozatot tesz \u00e9s al\u00e1\u00edr\u00e1s\u00e1val igazolja, hogy ismeri \u00e9s betartja az int\u00e9zm\u00e9ny kutat\u00e1si szab\u00e1lyzat\u00e1t, tudom\u00e1sul veszi a szerz\u0151i jogok v\u00e9delm\u00e9re, a publik\u00e1l\u00e1si korl\u00e1toz\u00e1sokra \u00e9s a hivatkoz\u00e1s rendj\u00e9re vonatkoz\u00f3 t\u00f6rv\u00e9nyeket, tov\u00e1bb\u00e1 k\u00f6telezetts\u00e9get v\u00e1llal arra, hogy a kutatott anyag felhaszn\u00e1l\u00e1s\u00e1val k\u00e9sz\u00fclt k\u00e9s\u0151bbi publik\u00e1ci\u00f3inak bibliogr\u00e1fiai adatait, adott esetben publik\u00e1ci\u00f3j\u00e1t megk\u00fcldi a m\u00fazeumnak.<\/li>\n\n\n\n<li>A kutat\u00f3 k\u00f6teless\u00e9ge, hogy a gy\u0171jtem\u00e9nyekben \u00f6n\u00e1ll\u00f3an vagy egy\u00fcttm\u0171k\u00f6d\u00e9s keret\u00e9ben v\u00e9gzett kutat\u00e1si eredm\u00e9nyeinek publik\u00e1l\u00e1sakor az int\u00e9zm\u00e9ny nev\u00e9t felt\u00fcntesse.<\/li>\n\n\n\n<li>A kutat\u00f3 k\u00f6teles a k\u00f6nyvt\u00e1ri\/lev\u00e9lt\u00e1ri, t\u00e1rgyi anyag \u00e1tv\u00e9telekor annak \u00e1llag\u00e1t \u2013 a vele szemben \u00e9rv\u00e9nyes\u00edthet\u0151 esetleges k\u00e1rt\u00e9r\u00edt\u00e9si felel\u0151ss\u00e9g megel\u0151z\u00e9se \u00e9rdek\u00e9ben \u2013 ellen\u0151rizni, \u00e9szrev\u00e9teleit a muzeol\u00f3gussal k\u00f6z\u00f6lni.<\/li>\n<\/ul>\n\n\n\n<h3 class=\"wp-block-heading\">A muzeol\u00f3gus k\u00f6teless\u00e9gei<\/h3>\n\n\n\n<ul class=\"wp-block-list\">\n<li>A muzeol\u00f3gus a kutat\u00f3lapra\/kutat\u00e1si enged\u00e9lyre k\u00f6teles r\u00e1vezetni a kutat\u00f3 \u00e1ltal kik\u00e9rt dokumentumok, t\u00e1rgyi anyag lelt\u00e1ri sz\u00e1m\u00e1t, egy\u00e9b adatait (szerz\u0151j\u00e9t, c\u00edm\u00e9t \u00e9s a kiad\u00e1s\/keletkez\u00e9s \u00e9v\u00e9t) valamint a kik\u00e9r\u00e9s idej\u00e9t. K\u00f6teles a kutat\u00f3 \u00e1llagra vonatkoz\u00f3 megjegyz\u00e9seit r\u00f6gz\u00edteni.<\/li>\n\n\n\n<li>A muzeol\u00f3gusnak a kutat\u00e1sra kiadott, illetve visszavett dokumentumot, t\u00e1rgyi anyagot a kutat\u00e1s el\u0151tt \u00e9s ut\u00e1n \u00e1t kell vizsg\u00e1lnia, a dokumentum \u00e9ps\u00e9g\u00e9r\u0151l meg kell gy\u0151z\u0151dnie. Minden s\u00e9r\u00fcl\u00e9st halad\u00e9ktalanul jelentenie kell a m\u00fazeum igazgat\u00f3j\u00e1nak, aki a sz\u00fcks\u00e9ges l\u00e9p\u00e9sek megt\u00e9tel\u00e9re utas\u00edt\u00e1st ad.<\/li>\n\n\n\n<li>A kutat\u00e1si nap v\u00e9g\u00e9n a kiadott anyagot a muzeol\u00f3gus t\u00e9telesen visszaveszi \u00e9s a visszaad\u00e1s idej\u00e9t r\u00e1vezeti a kutat\u00f3lapra. K\u00f6teles azt az eredeti \u0151rz\u00e9si hely\u00e9re visszatenni.<\/li>\n\n\n\n<li>A muzeol\u00f3gus k\u00f6teless\u00e9ge tov\u00e1bb\u00e1 udvariasan, seg\u00edt\u0151k\u00e9szen t\u00e1mogatni a kutat\u00f3 munk\u00e1j\u00e1t, t\u00e1j\u00e9koztatni \u0151t a lehet\u0151s\u00e9gekr\u0151l. Ugyanakkor k\u00f6teles az int\u00e9zm\u00e9ny kutat\u00e1si szab\u00e1lyzat\u00e1t betartani \u00e9s betartatni.<\/li>\n<\/ul>\n\n\n\n<h3 class=\"wp-block-heading\">M\u00e1solat \u00e9s fot\u00f3 k\u00e9sz\u00edt\u00e9se<\/h3>\n\n\n\n<ul class=\"wp-block-list\">\n<li>A m\u00fazeumi gy\u0171jtem\u00e9ny dokumentumair\u00f3l, \u00e1llom\u00e1nyv\u00e9delmi okokb\u00f3l f\u00e9nym\u00e1solatot nem k\u00e9sz\u00edt\u00fcnk. Digit\u00e1lis (szkennelt) vagy fot\u00f3m\u00e1solat ig\u00e9nyelhet\u0151, kiz\u00e1r\u00f3lag m\u00fazeumigazgat\u00f3i hozz\u00e1j\u00e1rul\u00e1ssal \u00e9s a felmer\u00fcl\u0151 k\u00f6lts\u00e9gek megt\u00e9r\u00edt\u00e9s\u00e9vel.<\/li>\n\n\n\n<li>Amennyiben a m\u00e1solat k\u00e9sz\u00edt\u00e9se k\u00e1ros\u00edtja a f\u00e9nym\u00e1soland\u00f3, szkennelend\u0151, fot\u00f3zand\u00f3 anyag fizikai \u00e1llapot\u00e1t, a m\u00fazeum megtagadhatja a m\u00e1solat k\u00e9sz\u00edt\u00e9s\u00e9t.<\/li>\n\n\n\n<li>A t\u00e1rgyi anyagr\u00f3l el\u0151zetes m\u00fazeumigazgat\u00f3i enged\u00e9llyel a kutat\u00f3 saj\u00e1t eszk\u00f6z\u00e9vel fot\u00f3t k\u00e9sz\u00edthet. Erre vonatkoz\u00f3an be kell tartania a m\u00fazeum m\u0171t\u00e1rgyv\u00e9delmi el\u0151\u00edr\u00e1s\u00e1t \u00e9s a k\u00f6zl\u00e9sre vonatkoz\u00f3 \u2013 a kutat\u00e1si szab\u00e1lyzatban fentebb r\u00f6gz\u00edtett \u2013 el\u0151\u00edr\u00e1sokat. Az elk\u00e9sz\u00fclt fot\u00f3b\u00f3l k\u00f6teles egy digit\u00e1lis \u00e9s egy pap\u00edralap\u00fa v\u00e1ltozatot a m\u00fazeum rendelkez\u00e9s\u00e9re bocs\u00e1tani.<\/li>\n\n\n\n<li>A kutat\u00f3 \u00e1ltal kutatott, korl\u00e1toz\u00e1s al\u00e1 nem es\u0151 k\u00f6nyvt\u00e1ri anyagr\u00f3l- amennyiben az anyag fizikai \u00e1llapota lehet\u0151v\u00e9 teszi \u2013 t\u00e9r\u00edt\u00e9si d\u00edj ellen\u00e9ben f\u00e9nym\u00e1solatot k\u00e9rhet.<\/li>\n<\/ul>\n<\/div>\n","protected":false},"excerpt":{"rendered":"<p>Kutat\u00e1s Gy\u0171jtem\u00e9nyeink kutathat\u00f3s\u00e1g\u00e1nak napja \u00e9s id\u0151tartama: Kedd 10-15 \u00f3ra k\u00f6z\u00f6tt A szab\u00e1lyzat vonatkozik: A R\u00e1day M\u00fazeum A gy\u0171jtem\u00e9nyek elhelyez\u00e9se \u00c1ltal\u00e1nos kutat\u00e1si szab\u00e1lyok Kutat\u00e1si enged\u00e9ly k\u00e9r\u00e9s\u00e9re \u00e9s a gy\u0171jtem\u00e9nyek haszn\u00e1lat\u00e1ra vonatkoz\u00f3 szab\u00e1lyok A kutat\u00f3 k\u00f6teless\u00e9gei A muzeol\u00f3gus k\u00f6teless\u00e9gei M\u00e1solat \u00e9s fot\u00f3 k\u00e9sz\u00edt\u00e9se<\/p>\n","protected":false},"author":3,"featured_media":0,"parent":0,"menu_order":0,"comment_status":"closed","ping_status":"closed","template":"","meta":{"footnotes":""},"class_list":["post-26","page","type-page","status-publish"],"_links":{"self":[{"href":"https:\/\/radaymuzeum.rgy.hu\/index.php\/wp-json\/wp\/v2\/pages\/26","targetHints":{"allow":["GET"]}}],"collection":[{"href":"https:\/\/radaymuzeum.rgy.hu\/index.php\/wp-json\/wp\/v2\/pages"}],"about":[{"href":"https:\/\/radaymuzeum.rgy.hu\/index.php\/wp-json\/wp\/v2\/types\/page"}],"author":[{"embeddable":true,"href":"https:\/\/radaymuzeum.rgy.hu\/index.php\/wp-json\/wp\/v2\/users\/3"}],"replies":[{"embeddable":true,"href":"https:\/\/radaymuzeum.rgy.hu\/index.php\/wp-json\/wp\/v2\/comments?post=26"}],"version-history":[{"count":3,"href":"https:\/\/radaymuzeum.rgy.hu\/index.php\/wp-json\/wp\/v2\/pages\/26\/revisions"}],"predecessor-version":[{"id":206,"href":"https:\/\/radaymuzeum.rgy.hu\/index.php\/wp-json\/wp\/v2\/pages\/26\/revisions\/206"}],"wp:attachment":[{"href":"https:\/\/radaymuzeum.rgy.hu\/index.php\/wp-json\/wp\/v2\/media?parent=26"}],"curies":[{"name":"wp","href":"https:\/\/api.w.org\/{rel}","templated":true}]}}