{"id":35,"date":"2025-04-02T20:26:44","date_gmt":"2025-04-02T20:26:44","guid":{"rendered":"https:\/\/radaymuzeum.rgy.hu\/?page_id=35"},"modified":"2026-03-29T10:38:16","modified_gmt":"2026-03-29T10:38:16","slug":"linkek","status":"publish","type":"page","link":"https:\/\/radaymuzeum.rgy.hu\/index.php\/linkek\/","title":{"rendered":"Linkek"},"content":{"rendered":"\n<div>\n<h2 class=\"gb-text\">Linkek<\/h2>\n\n\n\n<p class=\"gb-text\"><a href=\"http:\/\/www.dmrek.hu\/\" target=\"_blank\" rel=\"noreferrer noopener\">DMREK<\/a><br><a href=\"https:\/\/radaymuzeum.hu\/hu\/www.krek.hu\">Kecskem\u00e9ti Reform\u00e1tus Egyh\u00e1zk\u00f6zs\u00e9g<\/a><br><a href=\"http:\/\/www.rgy.hu\/\" target=\"_blank\" rel=\"noreferrer noopener\">R\u00e1day Gy\u0171jtem\u00e9ny<\/a><\/p>\n<\/div>\n","protected":false},"excerpt":{"rendered":"<p>Linkek DMREKKecskem\u00e9ti Reform\u00e1tus Egyh\u00e1zk\u00f6zs\u00e9gR\u00e1day Gy\u0171jtem\u00e9ny<\/p>\n","protected":false},"author":3,"featured_media":0,"parent":0,"menu_order":0,"comment_status":"closed","ping_status":"closed","template":"","meta":{"footnotes":""},"class_list":["post-35","page","type-page","status-publish"],"_links":{"self":[{"href":"https:\/\/radaymuzeum.rgy.hu\/index.php\/wp-json\/wp\/v2\/pages\/35","targetHints":{"allow":["GET"]}}],"collection":[{"href":"https:\/\/radaymuzeum.rgy.hu\/index.php\/wp-json\/wp\/v2\/pages"}],"about":[{"href":"https:\/\/radaymuzeum.rgy.hu\/index.php\/wp-json\/wp\/v2\/types\/page"}],"author":[{"embeddable":true,"href":"https:\/\/radaymuzeum.rgy.hu\/index.php\/wp-json\/wp\/v2\/users\/3"}],"replies":[{"embeddable":true,"href":"https:\/\/radaymuzeum.rgy.hu\/index.php\/wp-json\/wp\/v2\/comments?post=35"}],"version-history":[{"count":2,"href":"https:\/\/radaymuzeum.rgy.hu\/index.php\/wp-json\/wp\/v2\/pages\/35\/revisions"}],"predecessor-version":[{"id":238,"href":"https:\/\/radaymuzeum.rgy.hu\/index.php\/wp-json\/wp\/v2\/pages\/35\/revisions\/238"}],"wp:attachment":[{"href":"https:\/\/radaymuzeum.rgy.hu\/index.php\/wp-json\/wp\/v2\/media?parent=35"}],"curies":[{"name":"wp","href":"https:\/\/api.w.org\/{rel}","templated":true}]}}