{"id":37,"date":"2025-04-02T20:27:19","date_gmt":"2025-04-02T20:27:19","guid":{"rendered":"https:\/\/radaymuzeum.rgy.hu\/?page_id=37"},"modified":"2026-03-29T10:36:43","modified_gmt":"2026-03-29T10:36:43","slug":"muzeumshop","status":"publish","type":"page","link":"https:\/\/radaymuzeum.rgy.hu\/index.php\/muzeumshop\/","title":{"rendered":"M\u00fazeumShop"},"content":{"rendered":"\n<div class=\"gb-element-af707826 alignfull\">\n<img loading=\"lazy\" decoding=\"async\" width=\"2560\" height=\"569\" class=\"gb-media-634bd8eb\" alt=\"\" src=\"https:\/\/radaymuzeum.rgy.hu\/wp-content\/uploads\/2025\/06\/Egyha\u0301zto\u0308rte\u0301neti-gyu\u030bjteme\u0301ny-2-scaled.jpg\" title=\"Egyha\u0301zto\u0308rte\u0301neti gyu\u030bjteme\u0301ny 2.\" srcset=\"https:\/\/radaymuzeum.rgy.hu\/wp-content\/uploads\/2025\/06\/Egyha\u0301zto\u0308rte\u0301neti-gyu\u030bjteme\u0301ny-2-scaled.jpg 2560w, https:\/\/radaymuzeum.rgy.hu\/wp-content\/uploads\/2025\/06\/Egyha\u0301zto\u0308rte\u0301neti-gyu\u030bjteme\u0301ny-2-300x67.jpg 300w, https:\/\/radaymuzeum.rgy.hu\/wp-content\/uploads\/2025\/06\/Egyha\u0301zto\u0308rte\u0301neti-gyu\u030bjteme\u0301ny-2-1024x228.jpg 1024w, https:\/\/radaymuzeum.rgy.hu\/wp-content\/uploads\/2025\/06\/Egyha\u0301zto\u0308rte\u0301neti-gyu\u030bjteme\u0301ny-2-768x171.jpg 768w, https:\/\/radaymuzeum.rgy.hu\/wp-content\/uploads\/2025\/06\/Egyha\u0301zto\u0308rte\u0301neti-gyu\u030bjteme\u0301ny-2-1536x341.jpg 1536w, https:\/\/radaymuzeum.rgy.hu\/wp-content\/uploads\/2025\/06\/Egyha\u0301zto\u0308rte\u0301neti-gyu\u030bjteme\u0301ny-2-2048x455.jpg 2048w\" sizes=\"auto, (max-width: 2560px) 100vw, 2560px\" \/>\n<\/div>\n\n\n\n<div>\n<h2 class=\"gb-text\">M\u00fazeumShop<\/h2>\n\n\n\n<p class=\"gb-text\">Szebbn\u00e9l szebb embl\u00e9m\u00e1s \u00e1sv\u00e1nykark\u00f6t\u0151k \u00e9s k\u00fcl\u00f6nleges k\u00f6nyvek v\u00e1rj\u00e1k \u00d6n\u00f6ket M\u00fazeumShopunkban.<\/p>\n\n\n\n<img loading=\"lazy\" decoding=\"async\" width=\"2000\" height=\"2000\" class=\"gb-media-d43fb4db\" alt=\"\" title=\"muzeumshop\" src=\"https:\/\/radaymuzeum.rgy.hu\/wp-content\/uploads\/2026\/03\/muzeumshop.jpg\" srcset=\"https:\/\/radaymuzeum.rgy.hu\/wp-content\/uploads\/2026\/03\/muzeumshop.jpg 2000w, https:\/\/radaymuzeum.rgy.hu\/wp-content\/uploads\/2026\/03\/muzeumshop-300x300.jpg 300w, https:\/\/radaymuzeum.rgy.hu\/wp-content\/uploads\/2026\/03\/muzeumshop-1024x1024.jpg 1024w, https:\/\/radaymuzeum.rgy.hu\/wp-content\/uploads\/2026\/03\/muzeumshop-150x150.jpg 150w, https:\/\/radaymuzeum.rgy.hu\/wp-content\/uploads\/2026\/03\/muzeumshop-768x768.jpg 768w, https:\/\/radaymuzeum.rgy.hu\/wp-content\/uploads\/2026\/03\/muzeumshop-1536x1536.jpg 1536w\" sizes=\"auto, (max-width: 2000px) 100vw, 2000px\" \/>\n\n\n\n<p class=\"gb-text\">Telefon: (76) 486\u00a0226<br><a href=\"mailto:radaymuzeum.muzped@gmail.com\">radaymuzeum.muzped@gmail.com<\/a><\/p>\n<\/div>\n","protected":false},"excerpt":{"rendered":"<p>M\u00fazeumShop Szebbn\u00e9l szebb embl\u00e9m\u00e1s \u00e1sv\u00e1nykark\u00f6t\u0151k \u00e9s k\u00fcl\u00f6nleges k\u00f6nyvek v\u00e1rj\u00e1k \u00d6n\u00f6ket M\u00fazeumShopunkban. Telefon: (76) 486\u00a0226radaymuzeum.muzped@gmail.com<\/p>\n","protected":false},"author":3,"featured_media":0,"parent":0,"menu_order":0,"comment_status":"closed","ping_status":"closed","template":"","meta":{"footnotes":""},"class_list":["post-37","page","type-page","status-publish"],"_links":{"self":[{"href":"https:\/\/radaymuzeum.rgy.hu\/index.php\/wp-json\/wp\/v2\/pages\/37","targetHints":{"allow":["GET"]}}],"collection":[{"href":"https:\/\/radaymuzeum.rgy.hu\/index.php\/wp-json\/wp\/v2\/pages"}],"about":[{"href":"https:\/\/radaymuzeum.rgy.hu\/index.php\/wp-json\/wp\/v2\/types\/page"}],"author":[{"embeddable":true,"href":"https:\/\/radaymuzeum.rgy.hu\/index.php\/wp-json\/wp\/v2\/users\/3"}],"replies":[{"embeddable":true,"href":"https:\/\/radaymuzeum.rgy.hu\/index.php\/wp-json\/wp\/v2\/comments?post=37"}],"version-history":[{"count":2,"href":"https:\/\/radaymuzeum.rgy.hu\/index.php\/wp-json\/wp\/v2\/pages\/37\/revisions"}],"predecessor-version":[{"id":237,"href":"https:\/\/radaymuzeum.rgy.hu\/index.php\/wp-json\/wp\/v2\/pages\/37\/revisions\/237"}],"wp:attachment":[{"href":"https:\/\/radaymuzeum.rgy.hu\/index.php\/wp-json\/wp\/v2\/media?parent=37"}],"curies":[{"name":"wp","href":"https:\/\/api.w.org\/{rel}","templated":true}]}}